{"id":2591,"date":"2024-05-22T11:37:39","date_gmt":"2024-05-22T17:37:39","guid":{"rendered":"https:\/\/fivequeens.mx\/sitio\/?page_id=2591"},"modified":"2024-05-24T13:11:55","modified_gmt":"2024-05-24T19:11:55","slug":"politicas-del-hotel","status":"publish","type":"page","link":"https:\/\/fivequeens.mx\/es\/politicas-del-hotel\/","title":{"rendered":"Pol\u00edticas del hotel"},"content":{"rendered":"\t\t<div data-elementor-type=\"wp-page\" data-elementor-id=\"2591\" class=\"elementor elementor-2591\">\n\t\t\t\t<div class=\"elementor-element elementor-element-4a83bc1 e-flex e-con-boxed e-con e-parent\" data-id=\"4a83bc1\" data-element_type=\"container\" data-settings=\"{&quot;hoteller_ext_is_background_parallax&quot;:&quot;false&quot;,&quot;hoteller_ext_is_background_on_scroll&quot;:&quot;false&quot;,&quot;hoteller_ext_link_sidemenu&quot;:&quot;false&quot;,&quot;hoteller_ext_link_fullmenu&quot;:&quot;false&quot;,&quot;hoteller_ext_link_closed_fullmenu&quot;:&quot;false&quot;,&quot;hoteller_ext_is_scrollme&quot;:&quot;false&quot;,&quot;hoteller_ext_is_smoove&quot;:&quot;false&quot;,&quot;hoteller_ext_is_parallax_mouse&quot;:&quot;false&quot;,&quot;hoteller_ext_is_infinite&quot;:&quot;false&quot;,&quot;hoteller_ext_is_fadeout_animation&quot;:&quot;false&quot;,&quot;hoteller_ext_mobile_static&quot;:&quot;false&quot;}\">\n\t\t\t\t\t<div class=\"e-con-inner\">\n\t\t\t\t<div class=\"elementor-element elementor-element-e9b20a6 elementor-widget elementor-widget-hoteller-animated-text\" data-id=\"e9b20a6\" data-element_type=\"widget\" data-settings=\"{&quot;hoteller_ext_link_sidemenu&quot;:&quot;false&quot;,&quot;hoteller_ext_link_fullmenu&quot;:&quot;false&quot;,&quot;hoteller_ext_link_closed_fullmenu&quot;:&quot;false&quot;,&quot;hoteller_ext_is_scrollme&quot;:&quot;false&quot;,&quot;hoteller_ext_is_parallax_mouse&quot;:&quot;false&quot;,&quot;hoteller_ext_is_infinite&quot;:&quot;false&quot;,&quot;hoteller_ext_is_fadeout_animation&quot;:&quot;false&quot;,&quot;hoteller_ext_mobile_static&quot;:&quot;false&quot;}\" data-widget_type=\"hoteller-animated-text.default\">\n\t\t\t\t<div class=\"elementor-widget-container\">\n\t\t\t<div class=\"themegoods-animated-text text-alignment-left transition-bottom overflow-hidden\" data-delimiter=\"word\" data-transition=\"100\" data-transition-delay=\"0\" data-transition-duration=\"800\">\n\t\t<h1>\n\t\tPol\u00edticas <br\/> del Hotel\t<\/h1>\n\t<\/div>\t\t<\/div>\n\t\t\t\t<\/div>\n\t\t\t\t\t<\/div>\n\t\t\t\t<\/div>\n\t\t<div class=\"elementor-element elementor-element-422b505 e-flex e-con-boxed e-con e-parent\" data-id=\"422b505\" data-element_type=\"container\" data-settings=\"{&quot;hoteller_ext_is_background_parallax&quot;:&quot;false&quot;,&quot;hoteller_ext_is_background_on_scroll&quot;:&quot;false&quot;,&quot;hoteller_ext_link_sidemenu&quot;:&quot;false&quot;,&quot;hoteller_ext_link_fullmenu&quot;:&quot;false&quot;,&quot;hoteller_ext_link_closed_fullmenu&quot;:&quot;false&quot;,&quot;hoteller_ext_is_scrollme&quot;:&quot;false&quot;,&quot;hoteller_ext_is_smoove&quot;:&quot;false&quot;,&quot;hoteller_ext_is_parallax_mouse&quot;:&quot;false&quot;,&quot;hoteller_ext_is_infinite&quot;:&quot;false&quot;,&quot;hoteller_ext_is_fadeout_animation&quot;:&quot;false&quot;,&quot;hoteller_ext_mobile_static&quot;:&quot;false&quot;}\">\n\t\t\t\t\t<div class=\"e-con-inner\">\n\t\t\t\t<div class=\"elementor-element elementor-element-e2656ca elementor-widget elementor-widget-text-editor\" data-id=\"e2656ca\" data-element_type=\"widget\" data-settings=\"{&quot;hoteller_ext_link_sidemenu&quot;:&quot;false&quot;,&quot;hoteller_ext_link_fullmenu&quot;:&quot;false&quot;,&quot;hoteller_ext_link_closed_fullmenu&quot;:&quot;false&quot;,&quot;hoteller_ext_is_scrollme&quot;:&quot;false&quot;,&quot;hoteller_ext_is_smoove&quot;:&quot;false&quot;,&quot;hoteller_ext_is_parallax_mouse&quot;:&quot;false&quot;,&quot;hoteller_ext_is_infinite&quot;:&quot;false&quot;,&quot;hoteller_ext_is_fadeout_animation&quot;:&quot;false&quot;,&quot;hoteller_ext_mobile_static&quot;:&quot;false&quot;}\" data-widget_type=\"text-editor.default\">\n\t\t\t\t<div class=\"elementor-widget-container\">\n\t\t\t<style>\/*! elementor - v3.21.0 - 26-05-2024 *\/\n.elementor-widget-text-editor.elementor-drop-cap-view-stacked .elementor-drop-cap{background-color:#69727d;color:#fff}.elementor-widget-text-editor.elementor-drop-cap-view-framed .elementor-drop-cap{color:#69727d;border:3px solid;background-color:transparent}.elementor-widget-text-editor:not(.elementor-drop-cap-view-default) .elementor-drop-cap{margin-top:8px}.elementor-widget-text-editor:not(.elementor-drop-cap-view-default) .elementor-drop-cap-letter{width:1em;height:1em}.elementor-widget-text-editor .elementor-drop-cap{float:left;text-align:center;line-height:1;font-size:50px}.elementor-widget-text-editor .elementor-drop-cap-letter{display:inline-block}<\/style>\t\t\t\t<p><strong>\u00a1Bienvenido a Hotel Boutique Five Queens!<\/strong><\/p><p>Las habitaciones son de ocupaci\u00f3n doble. Menores de 12 a\u00f1os se pueden hospedar sin costo y dormir\u00e1n con los padres, ya que el hotel no cuenta con camas adicionales. Personas adicionales, mayores de 12 a\u00f1os, generan un cargo adicional de $900 MXN por persona, por noche, s\u00f3lo en habitaci\u00f3n m\u00e1ster.<\/p><p>El check-in es a partir de las 15:00 hrs y el check-out a las 12:00 hrs. El early check-in o late check-out quedan sujetos a disponibilidad y generan cargos adicionales de $900 MXN por hora excedida.<\/p><p>Las habitaciones, lobbies y pasillos son libres de humo.<\/p><p>No se permite el ingreso de mascotas a la propiedad. En caso de ingresar, se aplicar\u00e1 una penalidad de $1800.00 MXN.<\/p><p>En la habitaci\u00f3n se encuentra una caja de seguridad; favor de depositar sus objetos de valor. La administraci\u00f3n del hotel no se hace responsable por la p\u00e9rdida de objetos de valor. Aseg\u00farese de que su caja de seguridad est\u00e9 cerrada antes de salir de su habitaci\u00f3n.<\/p><p>Los masajes deber\u00e1n ser solicitados con 5 hrs de anticipaci\u00f3n. Cambios en el horario o cancelaciones deber\u00e1n notificarse 2 horas previas al horario programado; de lo contrario, se penalizar\u00e1 con el 100% del servicio.<\/p><p>En caso de solicitar cuna para beb\u00e9s, p\u00eddala con anticipaci\u00f3n o bien, esta se otorgar\u00e1 de acuerdo a la disponibilidad del hotel.<\/p><p>Cualquier da\u00f1o o p\u00e9rdida causada por el hu\u00e9sped a la propiedad del hotel deber\u00e1 ser cubierto de acuerdo al valor establecido por la empresa.<\/p><p><strong>Horarios de desayuno<\/strong><\/p><p>San Lucas: 08:30 am &#8211; 12:30 pm<\/p><p><strong>Amenidades para el hu\u00e9sped<\/strong><\/p><ul><li>Terraza: 08:30 am a 09:30 pm<\/li><li>Masaje en la habitaci\u00f3n: 08:00 am \u2013 07:00 pm<\/li><li>Concierge: 07:00 am a 11:00 pm<\/li><\/ul><p><strong>Actividades con costo adicional<\/strong><\/p><ul><li>Masajes: de $1,500 MXN a $2,300 MXN por tratamiento.<\/li><li>Transportes: verificar precios en el lobby y considerar 30 minutos para la llegada del auto.<\/li><\/ul><p><strong>TODAS LAS ACTIVIDADES SON CON PREVIA CITA Y BAJO DISPONIBILIDAD<\/strong><\/p>\t\t\t\t\t\t<\/div>\n\t\t\t\t<\/div>\n\t\t\t\t\t<\/div>\n\t\t\t\t<\/div>\n\t\t\t\t<\/div>\n\t\t","protected":false},"excerpt":{"rendered":"<p>Pol\u00edticas del Hotel \u00a1Bienvenido a Hotel Boutique Five Queens! Las habitaciones son de ocupaci\u00f3n doble. Menores de 12 a\u00f1os se pueden hospedar sin costo y dormir\u00e1n con los padres, ya que el hotel no cuenta con camas adicionales. Personas adicionales, [&hellip;]<\/p>\n","protected":false},"author":1,"featured_media":0,"parent":0,"menu_order":0,"comment_status":"closed","ping_status":"closed","template":"","meta":{"footnotes":""},"class_list":["post-2591","page","type-page","status-publish","hentry"],"aioseo_notices":[],"_links":{"self":[{"href":"https:\/\/fivequeens.mx\/es\/wp-json\/wp\/v2\/pages\/2591","targetHints":{"allow":["GET"]}}],"collection":[{"href":"https:\/\/fivequeens.mx\/es\/wp-json\/wp\/v2\/pages"}],"about":[{"href":"https:\/\/fivequeens.mx\/es\/wp-json\/wp\/v2\/types\/page"}],"author":[{"embeddable":true,"href":"https:\/\/fivequeens.mx\/es\/wp-json\/wp\/v2\/users\/1"}],"replies":[{"embeddable":true,"href":"https:\/\/fivequeens.mx\/es\/wp-json\/wp\/v2\/comments?post=2591"}],"version-history":[{"count":10,"href":"https:\/\/fivequeens.mx\/es\/wp-json\/wp\/v2\/pages\/2591\/revisions"}],"predecessor-version":[{"id":2603,"href":"https:\/\/fivequeens.mx\/es\/wp-json\/wp\/v2\/pages\/2591\/revisions\/2603"}],"wp:attachment":[{"href":"https:\/\/fivequeens.mx\/es\/wp-json\/wp\/v2\/media?parent=2591"}],"curies":[{"name":"wp","href":"https:\/\/api.w.org\/{rel}","templated":true}]}}